{"id":12010,"date":"2023-01-19T14:31:53","date_gmt":"2023-01-19T14:31:53","guid":{"rendered":"https:\/\/www.germancentre.com\/rechtliche-hinweise\/"},"modified":"2024-02-01T10:59:39","modified_gmt":"2024-02-01T10:59:39","slug":"rechtliche-hinweise","status":"publish","type":"page","link":"https:\/\/www.germancentre.com\/es\/rechtliche-hinweise\/","title":{"rendered":"Informaci\u00f3n jur\u00eddica"},"content":{"rendered":"<div class=\"fusion-fullwidth fullwidth-box fusion-builder-row-1 fusion-flex-container has-pattern-background has-mask-background nonhundred-percent-fullwidth non-hundred-percent-height-scrolling\" style=\"--awb-border-radius-top-left:0px;--awb-border-radius-top-right:0px;--awb-border-radius-bottom-right:0px;--awb-border-radius-bottom-left:0px;--awb-flex-wrap:wrap;\" ><div class=\"fusion-builder-row fusion-row fusion-flex-align-items-flex-start fusion-flex-content-wrap\" style=\"max-width:1539.2px;margin-left: calc(-4% \/ 2 );margin-right: calc(-4% \/ 2 );\"><div class=\"fusion-layout-column fusion_builder_column fusion-builder-column-0 fusion_builder_column_1_1 1_1 fusion-flex-column\" style=\"--awb-bg-size:cover;--awb-width-large:100%;--awb-margin-top-large:0px;--awb-spacing-right-large:1.92%;--awb-margin-bottom-large:0px;--awb-spacing-left-large:1.92%;--awb-width-medium:100%;--awb-order-medium:0;--awb-spacing-right-medium:1.92%;--awb-spacing-left-medium:1.92%;--awb-width-small:100%;--awb-order-small:0;--awb-spacing-right-small:1.92%;--awb-spacing-left-small:1.92%;\"><div class=\"fusion-column-wrapper fusion-column-has-shadow fusion-flex-justify-content-flex-start fusion-content-layout-column\"><div class=\"fusion-text fusion-text-1 fusion-text-no-margin\" style=\"--awb-font-size:16px;--awb-line-height:var(--awb-typography3-line-height);--awb-letter-spacing:0.2em;--awb-text-transform:uppercase;--awb-text-color:var(--awb-custom_color_4);--awb-margin-bottom:5px;--awb-text-font-family:&quot;Noto Sans&quot;;--awb-text-font-style:normal;--awb-text-font-weight:500;\"><p class=\"SEOHEADER\"><span lang=\"ES\">Transparente<\/span><\/p>\n<\/div><div class=\"fusion-title title fusion-title-1 fusion-sep-none fusion-title-text fusion-title-size-one head-2\" style=\"--awb-margin-top-small:10px;--awb-margin-right-small:0px;--awb-margin-bottom-small:10px;--awb-margin-left-small:0px;--awb-font-size:var(--awb-typography1-font-size);\"><h1 class=\"fusion-title-heading title-heading-left\" style=\"font-family:var(--awb-typography1-font-family);font-weight:var(--awb-typography1-font-weight);font-style:var(--awb-typography1-font-style);margin:0;letter-spacing:var(--awb-typography1-letter-spacing);text-transform:var(--awb-typography1-text-transform);font-size:1em;line-height:var(--awb-typography1-line-height);\">Aviso legal<\/h1><\/div><div class=\"fusion-separator fusion-full-width-sep\" style=\"align-self: center;margin-left: auto;margin-right: auto;margin-bottom:2em;width:100%;\"><\/div><div class=\"fusion-title title fusion-title-2 fusion-sep-none fusion-title-text fusion-title-size-two\" style=\"--awb-margin-top-small:10px;--awb-margin-right-small:0px;--awb-margin-bottom-small:10px;--awb-margin-left-small:0px;--awb-font-size:var(--awb-typography2-font-size);\"><h2 class=\"fusion-title-heading title-heading-left\" style=\"font-family:var(--awb-typography2-font-family);font-weight:var(--awb-typography2-font-weight);font-style:var(--awb-typography2-font-style);margin:0;letter-spacing:var(--awb-typography2-letter-spacing);text-transform:var(--awb-typography2-text-transform);font-size:1em;line-height:var(--awb-typography2-line-height);\">Exenci\u00f3n de responsabilidad<\/h2><\/div><div class=\"fusion-title title fusion-title-3 fusion-sep-none fusion-title-text fusion-title-size-three head-1\" style=\"--awb-text-color:var(--awb-custom_color_1);--awb-margin-top-small:10px;--awb-margin-right-small:0px;--awb-margin-bottom-small:10px;--awb-margin-left-small:0px;\"><h3 class=\"fusion-title-heading title-heading-left\" style=\"margin:0;\">1. Responsabilidad por el contenido<\/h3><\/div><div class=\"fusion-text fusion-text-2\" style=\"--awb-text-color:var(--awb-custom_color_3);\"><p>Hemos elaborado el contenido de nuestro sitio web con el mayor cuidado posible y seg\u00fan nuestro leal saber y entender. A pesar de esto, los datos pueden haber cambiado entretanto. Por lo tanto, no asumimos responsabilidad ni damos garant\u00eda alguna por la actualidad, exactitud e integridad de la informaci\u00f3n facilitada. Como proveedor de estas p\u00e1ginas de internet, somos responsables de nuestros propios contenidos y de la informaci\u00f3n facilitada, acorde con el art. 7, apdo. 1 de la Ley alemana de medios de telecomunicaci\u00f3n (TMG). Pero acorde con los arts. 8 a 10 de la TMG no estamos obligados como proveedores a supervisar la informaci\u00f3n de terceros transmitida o almacenada. Dichos contenidos ser\u00e1n eliminados o bloqueados inmediatamente a partir del momento en que tengamos conocimiento de una infracci\u00f3n concreta de las leyes. La responsabilidad solo surge a partir del momento en que tengamos este conocimiento. Asimismo, nos reservamos el derecho a hacer cambios o adiciones a la informaci\u00f3n facilitada.<\/p>\n<\/div><div class=\"fusion-title title fusion-title-4 fusion-sep-none fusion-title-text fusion-title-size-four head-1\" style=\"--awb-text-color:var(--awb-custom_color_1);--awb-margin-top-small:10px;--awb-margin-right-small:0px;--awb-margin-bottom-small:10px;--awb-margin-left-small:0px;\"><h4 class=\"fusion-title-heading title-heading-left\" style=\"margin:0;\">2. Responsabilidad por enlaces<\/h4><\/div><div class=\"fusion-text fusion-text-3\" style=\"--awb-text-color:var(--awb-custom_color_3);\"><p>Nuestras p\u00e1ginas de internet contienen enlaces a p\u00e1ginas de internet de terceros sobre cuyo contenido no tenemos ninguna influencia. Por esta raz\u00f3n, no podemos asumir ninguna responsabilidad por este contenido. El respectivo proveedor u operador de las p\u00e1ginas enlazadas es siempre el responsable del contenido y de la exactitud de las p\u00e1ginas enlazadas. En el momento de establecer los enlaces no hab\u00eda evidencia de ning\u00fan contenido ilegal. Si tenemos conocimiento de cualquier infracci\u00f3n de la ley, eliminaremos inmediatamente los enlaces en cuesti\u00f3n.<\/p>\n<\/div><div class=\"fusion-title title fusion-title-5 fusion-sep-none fusion-title-text fusion-title-size-five\" style=\"--awb-margin-top-small:10px;--awb-margin-right-small:0px;--awb-margin-bottom-small:10px;--awb-margin-left-small:0px;--awb-font-size:var(--awb-typography2-font-size);\"><h5 class=\"fusion-title-heading title-heading-left\" style=\"font-family:var(--awb-typography2-font-family);font-weight:var(--awb-typography2-font-weight);font-style:var(--awb-typography2-font-style);margin:0;letter-spacing:var(--awb-typography2-letter-spacing);text-transform:var(--awb-typography2-text-transform);font-size:1em;line-height:var(--awb-typography2-line-height);\">Derechos de autor y marca<\/h5><\/div><div class=\"fusion-text fusion-text-4\" style=\"--awb-text-color:var(--awb-custom_color_3);\"><p>Todos los textos, im\u00e1genes, gr\u00e1ficos, animaciones, videos, sonidos y dem\u00e1s contenidos de este sitio web, as\u00ed como su estructura y disposici\u00f3n, est\u00e1n protegidos por derechos de autor. Todo tipo de reproducci\u00f3n, edici\u00f3n, distribuci\u00f3n, almacenamiento y uso de los contenidos mencionados en otras publicaciones electr\u00f3nicas o impresas requiere la autorizaci\u00f3n previa de German Centre for Industry and Trade GmbH, Beteiligungsgesellschaft. La copia o el almacenamiento no autorizados de la informaci\u00f3n facilitada en estas p\u00e1ginas de internet no est\u00e1n permitidos y est\u00e1n penados por la ley. En tanto que el contenido de estas p\u00e1ginas no haya sido creado por nosotros, se observar\u00e1n los derechos de autor de terceros.<\/p>\n<\/div><\/div><\/div><\/div><\/div>\n","protected":false},"excerpt":{"rendered":"","protected":false},"author":1,"featured_media":0,"parent":0,"menu_order":0,"comment_status":"closed","ping_status":"closed","template":"100-width.php","meta":{"_acf_changed":false,"footnotes":""},"page_tag":[],"class_list":["post-12010","page","type-page","status-publish","hentry"],"acf":[],"yoast_head":"<!-- This site is optimized with the Yoast SEO plugin v27.3 - https:\/\/yoast.com\/product\/yoast-seo-wordpress\/ -->\n<title>Informaci\u00f3n jur\u00eddica - German Centres<\/title>\n<meta name=\"robots\" content=\"index, follow, max-snippet:-1, max-image-preview:large, max-video-preview:-1\" \/>\n<link rel=\"canonical\" href=\"https:\/\/www.germancentre.com\/es\/rechtliche-hinweise\/\" \/>\n<meta property=\"og:locale\" content=\"es_ES\" \/>\n<meta property=\"og:type\" content=\"article\" \/>\n<meta property=\"og:title\" content=\"Informaci\u00f3n jur\u00eddica - German Centres\" \/>\n<meta property=\"og:url\" content=\"https:\/\/www.germancentre.com\/es\/rechtliche-hinweise\/\" \/>\n<meta property=\"og:site_name\" content=\"German Centres\" \/>\n<meta property=\"article:modified_time\" content=\"2024-02-01T10:59:39+00:00\" \/>\n<meta name=\"twitter:card\" content=\"summary_large_image\" \/>\n<meta name=\"twitter:label1\" content=\"Tiempo de lectura\" \/>\n\t<meta name=\"twitter:data1\" content=\"5 minutos\" \/>\n<script type=\"application\/ld+json\" class=\"yoast-schema-graph\">{\"@context\":\"https:\\\/\\\/schema.org\",\"@graph\":[{\"@type\":\"WebPage\",\"@id\":\"https:\\\/\\\/www.germancentre.com\\\/es\\\/rechtliche-hinweise\\\/\",\"url\":\"https:\\\/\\\/www.germancentre.com\\\/es\\\/rechtliche-hinweise\\\/\",\"name\":\"Informaci\u00f3n jur\u00eddica - German Centres\",\"isPartOf\":{\"@id\":\"https:\\\/\\\/www.germancentre.com\\\/es\\\/#website\"},\"datePublished\":\"2023-01-19T14:31:53+00:00\",\"dateModified\":\"2024-02-01T10:59:39+00:00\",\"breadcrumb\":{\"@id\":\"https:\\\/\\\/www.germancentre.com\\\/es\\\/rechtliche-hinweise\\\/#breadcrumb\"},\"inLanguage\":\"es\",\"potentialAction\":[{\"@type\":\"ReadAction\",\"target\":[\"https:\\\/\\\/www.germancentre.com\\\/es\\\/rechtliche-hinweise\\\/\"]}]},{\"@type\":\"BreadcrumbList\",\"@id\":\"https:\\\/\\\/www.germancentre.com\\\/es\\\/rechtliche-hinweise\\\/#breadcrumb\",\"itemListElement\":[{\"@type\":\"ListItem\",\"position\":1,\"name\":\"Home\",\"item\":\"https:\\\/\\\/www.germancentre.com\\\/es\\\/\"},{\"@type\":\"ListItem\",\"position\":2,\"name\":\"Informaci\u00f3n jur\u00eddica\"}]},{\"@type\":\"WebSite\",\"@id\":\"https:\\\/\\\/www.germancentre.com\\\/es\\\/#website\",\"url\":\"https:\\\/\\\/www.germancentre.com\\\/es\\\/\",\"name\":\"German Centres\",\"description\":\"German Centres worldwide\",\"potentialAction\":[{\"@type\":\"SearchAction\",\"target\":{\"@type\":\"EntryPoint\",\"urlTemplate\":\"https:\\\/\\\/www.germancentre.com\\\/es\\\/?s={search_term_string}\"},\"query-input\":{\"@type\":\"PropertyValueSpecification\",\"valueRequired\":true,\"valueName\":\"search_term_string\"}}],\"inLanguage\":\"es\"}]}<\/script>\n<!-- \/ Yoast SEO plugin. -->","yoast_head_json":{"title":"Informaci\u00f3n jur\u00eddica - German Centres","robots":{"index":"index","follow":"follow","max-snippet":"max-snippet:-1","max-image-preview":"max-image-preview:large","max-video-preview":"max-video-preview:-1"},"canonical":"https:\/\/www.germancentre.com\/es\/rechtliche-hinweise\/","og_locale":"es_ES","og_type":"article","og_title":"Informaci\u00f3n jur\u00eddica - German Centres","og_url":"https:\/\/www.germancentre.com\/es\/rechtliche-hinweise\/","og_site_name":"German Centres","article_modified_time":"2024-02-01T10:59:39+00:00","twitter_card":"summary_large_image","twitter_misc":{"Tiempo de lectura":"5 minutos"},"schema":{"@context":"https:\/\/schema.org","@graph":[{"@type":"WebPage","@id":"https:\/\/www.germancentre.com\/es\/rechtliche-hinweise\/","url":"https:\/\/www.germancentre.com\/es\/rechtliche-hinweise\/","name":"Informaci\u00f3n jur\u00eddica - German Centres","isPartOf":{"@id":"https:\/\/www.germancentre.com\/es\/#website"},"datePublished":"2023-01-19T14:31:53+00:00","dateModified":"2024-02-01T10:59:39+00:00","breadcrumb":{"@id":"https:\/\/www.germancentre.com\/es\/rechtliche-hinweise\/#breadcrumb"},"inLanguage":"es","potentialAction":[{"@type":"ReadAction","target":["https:\/\/www.germancentre.com\/es\/rechtliche-hinweise\/"]}]},{"@type":"BreadcrumbList","@id":"https:\/\/www.germancentre.com\/es\/rechtliche-hinweise\/#breadcrumb","itemListElement":[{"@type":"ListItem","position":1,"name":"Home","item":"https:\/\/www.germancentre.com\/es\/"},{"@type":"ListItem","position":2,"name":"Informaci\u00f3n jur\u00eddica"}]},{"@type":"WebSite","@id":"https:\/\/www.germancentre.com\/es\/#website","url":"https:\/\/www.germancentre.com\/es\/","name":"German Centres","description":"German Centres worldwide","potentialAction":[{"@type":"SearchAction","target":{"@type":"EntryPoint","urlTemplate":"https:\/\/www.germancentre.com\/es\/?s={search_term_string}"},"query-input":{"@type":"PropertyValueSpecification","valueRequired":true,"valueName":"search_term_string"}}],"inLanguage":"es"}]}},"_links":{"self":[{"href":"https:\/\/www.germancentre.com\/es\/wp-json\/wp\/v2\/pages\/12010","targetHints":{"allow":["GET"]}}],"collection":[{"href":"https:\/\/www.germancentre.com\/es\/wp-json\/wp\/v2\/pages"}],"about":[{"href":"https:\/\/www.germancentre.com\/es\/wp-json\/wp\/v2\/types\/page"}],"author":[{"embeddable":true,"href":"https:\/\/www.germancentre.com\/es\/wp-json\/wp\/v2\/users\/1"}],"replies":[{"embeddable":true,"href":"https:\/\/www.germancentre.com\/es\/wp-json\/wp\/v2\/comments?post=12010"}],"version-history":[{"count":6,"href":"https:\/\/www.germancentre.com\/es\/wp-json\/wp\/v2\/pages\/12010\/revisions"}],"predecessor-version":[{"id":12831,"href":"https:\/\/www.germancentre.com\/es\/wp-json\/wp\/v2\/pages\/12010\/revisions\/12831"}],"wp:attachment":[{"href":"https:\/\/www.germancentre.com\/es\/wp-json\/wp\/v2\/media?parent=12010"}],"wp:term":[{"taxonomy":"page_tag","embeddable":true,"href":"https:\/\/www.germancentre.com\/es\/wp-json\/wp\/v2\/page_tag?post=12010"}],"curies":[{"name":"wp","href":"https:\/\/api.w.org\/{rel}","templated":true}]}}